{"id":4726,"date":"2024-01-25T10:35:24","date_gmt":"2024-01-25T10:35:24","guid":{"rendered":"https:\/\/continentaldocs.com\/?page_id=4726"},"modified":"2025-10-16T10:50:39","modified_gmt":"2025-10-16T10:50:39","slug":"buy-belgian-drivers-license","status":"publish","type":"page","link":"https:\/\/continentaldocs.com\/lv\/buy-belgian-drivers-license\/","title":{"rendered":"Buy Belgian Driving License"},"content":{"rendered":"<div  class=\"ewd-ufaq-faq-list ewd-ufaq-page-type-distinct ewd-ufaq-category-tabs-\" id='ewd-ufaq-faq-list'>\n\n\t<input type='hidden' name='show_on_load' value='' id='ewd-ufaq-show-on-load' \/>\n<input type='hidden' name='include_category' value='' id='ewd-ufaq-include-category' \/>\n<input type='hidden' name='exclude_category' value='' id='ewd-ufaq-exclude-category' \/>\n<input type='hidden' name='orderby' value='title' id='ewd-ufaq-orderby' \/>\n<input type='hidden' name='order' value='asc' id='ewd-ufaq-order' \/>\n<input type='hidden' name='post_count' value='-1' id='ewd-ufaq-post-count' \/>\n<input type='hidden' name='current_url' value='\/lv\/wp-json\/wp\/v2\/pages\/4726' id='ewd-ufaq-current-url' \/>\n\t\n\t\n\t<div class='ewd-ufaq-faqs'>\n\n\t\t<div  class=\"ewd-ufaq-faq-div ewd-ufaq-faq-column-count-one ewd-ufaq-faq-responsive-columns- ewd-ufaq-faq-display-style-default ewd-ufaq-can-be-toggled\" id='ewd-ufaq-post-5147-Wuu7S0Eh3q' data-post_id='5147'>\n\n\t\t\n\t<div class='ewd-ufaq-faq-title ewd-ufaq-faq-toggle'>\n\t\n\t<a class='ewd-ufaq-post-margin'  href='#' role=\"button\">\n\n\t\t<div class='ewd-ufaq-post-margin-symbol ewd-ufaq-'>\n\t\t\t<span >A<\/span>\n\t\t<\/div>\n\n\t\t<div class='ewd-ufaq-faq-title-text'>\n\n\t\t\t<h4>\n\t\t\t\tWhat do you need to drive in Belgium 2024?\t\t\t<\/h4>\n\n\t\t<\/div>\n\n\t\t<div class='ewd-ufaq-clear'><\/div>\n\n\t<\/a>\n\t\n<\/div>\n\t\n\t<div class='ewd-ufaq-faq-body' >\n\n\t\t\n\t\t\t<div class='ewd-ufaq-faq-categories'>\n\t\n\tCategory:\n\t\n\t\tBelgian driver&#039;s license\n\t\n<\/div>\n\t\t\n\t\t\t<div class='ewd-ufaq-post-margin ewd-ufaq-faq-post'>\n\t<p>When driving in Belgium, you must carry a valid driver&#8217;s license from your home country, proof of vehicle insurance (a green card or an international insurance certificate), vehicle registration documents (V5C logbook or equivalent), a reflective vest and a warning triangle to be used in case of an accident or &#8230;<\/p>\n<\/div>\n\t\t\n\t\t\t\n\t\t\n\t\t\t\n\t\t\n\t\t\t\n\t\t\n\t\t\t\n\t\t\n\t\t\t\n\t\t\n\t\t\t\n\t\t\n\t\t\t\n\t\t\n\t\t\t\n\t\t\n\t<\/div>\n\n<\/div>\n\t<\/div>\n\n\t\n<\/div>","protected":false},"excerpt":{"rendered":"<p>A What do you need to drive in Belgium 2024? Category: Belgian driver&#039;s license When driving in Belgium, you must carry a valid driver&#8217;s license from your home country, proof of vehicle insurance (a green card or an international insurance certificate), vehicle registration documents (V5C logbook or equivalent), a reflective vest and a warning triangle &#8230; <a title=\"What do you need to drive in Belgium 2024?\" class=\"read-more\" href=\"https:\/\/continentaldocs.com\/lv\/ufaq\/what-do-you-need-to-drive-in-belgium-2024\/\" aria-label=\"Read more about What do you need to drive in Belgium 2024?\">Las\u012bt t\u0101l\u0101k<\/a><\/p>","protected":false},"author":1,"featured_media":0,"parent":0,"menu_order":0,"comment_status":"open","ping_status":"closed","template":"","meta":{"footnotes":""},"class_list":["post-4726","page","type-page","status-publish","hentry"],"yoast_head":"<!-- This site is optimized with the Yoast SEO Premium plugin v24.6 (Yoast SEO v26.0) - https:\/\/yoast.com\/wordpress\/plugins\/seo\/ -->\n<title>Belgian Driving License B - No Testrequired | ContinentalDocs \u2705<\/title>\n<meta name=\"description\" content=\"quick Belgian driver&#039;s license legally. Obtain your official driving license B without test. Order now and hit the road! \u2705 20% OFF\" \/>\n<meta name=\"robots\" content=\"index, follow, max-snippet:-1, max-image-preview:large, max-video-preview:-1\" \/>\n<link rel=\"canonical\" href=\"https:\/\/continentaldocs.com\/lv\/buy-belgian-drivers-license\/\" \/>\n<meta property=\"og:locale\" content=\"lv_LV\" \/>\n<meta property=\"og:type\" content=\"article\" \/>\n<meta property=\"og:title\" content=\"Obtain Belgian Driving License Without Test\" \/>\n<meta property=\"og:description\" content=\"quick Belgian driver&#039;s license legally. Obtain your official driving license B without test. Order now and hit the road! \u2705 20% OFF\" \/>\n<meta property=\"og:url\" content=\"https:\/\/continentaldocs.com\/lv\/buy-belgian-drivers-license\/\" \/>\n<meta property=\"og:site_name\" content=\"Fall Of Conti\" \/>\n<meta property=\"article:publisher\" content=\"https:\/\/web.facebook.com\/mydocshop\" \/>\n<meta property=\"article:modified_time\" content=\"2025-10-16T10:50:39+00:00\" \/>\n<meta property=\"og:image\" content=\"https:\/\/continentaldocs.com\/wp-content\/uploads\/2024\/09\/Belgian-drivers-license-1024x735.jpg\" \/>\n<meta name=\"twitter:card\" content=\"summary_large_image\" \/>\n<meta name=\"twitter:title\" content=\"Buy Belgian Driving License\" \/>\n<meta name=\"twitter:label1\" content=\"Est. reading time\" \/>\n\t<meta name=\"twitter:data1\" content=\"7 min\u016btes\" \/>\n<script type=\"application\/ld+json\" class=\"yoast-schema-graph\">{\"@context\":\"https:\/\/schema.org\",\"@graph\":[{\"@type\":\"WebPage\",\"@id\":\"https:\/\/continentaldocs.com\/buy-belgian-drivers-license\/\",\"url\":\"https:\/\/continentaldocs.com\/buy-belgian-drivers-license\/\",\"name\":\"Belgian Driving License B - No Testrequired | ContinentalDocs \u2705\",\"isPartOf\":{\"@id\":\"https:\/\/continentaldocs.com\/#website\"},\"primaryImageOfPage\":{\"@id\":\"https:\/\/continentaldocs.com\/buy-belgian-drivers-license\/#primaryimage\"},\"image\":{\"@id\":\"https:\/\/continentaldocs.com\/buy-belgian-drivers-license\/#primaryimage\"},\"thumbnailUrl\":\"https:\/\/continentaldocs.com\/wp-content\/uploads\/2024\/09\/Belgian-drivers-license-1024x735.jpg\",\"datePublished\":\"2024-01-25T10:35:24+00:00\",\"dateModified\":\"2025-10-16T10:50:39+00:00\",\"description\":\"quick Belgian driver's license legally. Obtain your official driving license B without test. Order now and hit the road! \u2705 20% OFF\",\"breadcrumb\":{\"@id\":\"https:\/\/continentaldocs.com\/buy-belgian-drivers-license\/#breadcrumb\"},\"inLanguage\":\"lv-LV\",\"potentialAction\":[{\"@type\":\"ReadAction\",\"target\":[\"https:\/\/continentaldocs.com\/buy-belgian-drivers-license\/\"]}]},{\"@type\":\"ImageObject\",\"inLanguage\":\"lv-LV\",\"@id\":\"https:\/\/continentaldocs.com\/buy-belgian-drivers-license\/#primaryimage\",\"url\":\"https:\/\/continentaldocs.com\/wp-content\/uploads\/2024\/09\/Belgian-drivers-license-1024x735.jpg\",\"contentUrl\":\"https:\/\/continentaldocs.com\/wp-content\/uploads\/2024\/09\/Belgian-drivers-license-1024x735.jpg\"},{\"@type\":\"BreadcrumbList\",\"@id\":\"https:\/\/continentaldocs.com\/buy-belgian-drivers-license\/#breadcrumb\",\"itemListElement\":[{\"@type\":\"ListItem\",\"position\":1,\"name\":\"Home\",\"item\":\"https:\/\/continentaldocs.com\/\"},{\"@type\":\"ListItem\",\"position\":2,\"name\":\"Buy Belgian Driving License\"}]},{\"@type\":\"WebSite\",\"@id\":\"https:\/\/continentaldocs.com\/#website\",\"url\":\"https:\/\/continentaldocs.com\/\",\"name\":\"Continental Documents Online\",\"description\":\"Continental difference is not a barrier to our services.\",\"publisher\":{\"@id\":\"https:\/\/continentaldocs.com\/#organization\"},\"potentialAction\":[{\"@type\":\"SearchAction\",\"target\":{\"@type\":\"EntryPoint\",\"urlTemplate\":\"https:\/\/continentaldocs.com\/?s={search_term_string}\"},\"query-input\":{\"@type\":\"PropertyValueSpecification\",\"valueRequired\":true,\"valueName\":\"search_term_string\"}}],\"inLanguage\":\"lv-LV\"},{\"@type\":\"Organization\",\"@id\":\"https:\/\/continentaldocs.com\/#organization\",\"name\":\"Continental Documents Online\",\"url\":\"https:\/\/continentaldocs.com\/\",\"logo\":{\"@type\":\"ImageObject\",\"inLanguage\":\"lv-LV\",\"@id\":\"https:\/\/continentaldocs.com\/#\/schema\/logo\/image\/\",\"url\":\"https:\/\/continentaldocs.com\/wp-content\/uploads\/2025\/10\/cropped-Gemini_Generated_Image_r4583ar4583ar458-removebg-preview-removebg-preview-1.png\",\"contentUrl\":\"https:\/\/continentaldocs.com\/wp-content\/uploads\/2025\/10\/cropped-Gemini_Generated_Image_r4583ar4583ar458-removebg-preview-removebg-preview-1.png\",\"width\":148,\"height\":145,\"caption\":\"Continental Documents Online\"},\"image\":{\"@id\":\"https:\/\/continentaldocs.com\/#\/schema\/logo\/image\/\"},\"sameAs\":[\"https:\/\/web.facebook.com\/mydocshop\",\"https:\/\/www.pinterest.de\/martinnztim\/\",\"https:\/\/www.linkedin.com\/in\/mins-koert-5a8811296\/\",\"https:\/\/medium.com\/@realdocproviders\"]}]}<\/script>\n<!-- \/ Yoast SEO Premium plugin. -->","yoast_head_json":{"title":"Belgian Driving License B - No Testrequired | ContinentalDocs \u2705","description":"quick Belgian driver's license legally. Obtain your official driving license B without test. Order now and hit the road! \u2705 20% OFF","robots":{"index":"index","follow":"follow","max-snippet":"max-snippet:-1","max-image-preview":"max-image-preview:large","max-video-preview":"max-video-preview:-1"},"canonical":"https:\/\/continentaldocs.com\/lv\/buy-belgian-drivers-license\/","og_locale":"lv_LV","og_type":"article","og_title":"Obtain Belgian Driving License Without Test","og_description":"quick Belgian driver's license legally. Obtain your official driving license B without test. Order now and hit the road! \u2705 20% OFF","og_url":"https:\/\/continentaldocs.com\/lv\/buy-belgian-drivers-license\/","og_site_name":"Fall Of Conti","article_publisher":"https:\/\/web.facebook.com\/mydocshop","article_modified_time":"2025-10-16T10:50:39+00:00","og_image":[{"url":"https:\/\/continentaldocs.com\/wp-content\/uploads\/2024\/09\/Belgian-drivers-license-1024x735.jpg","type":"","width":"","height":""}],"twitter_card":"summary_large_image","twitter_title":"Buy Belgian Driving License","twitter_misc":{"Est. reading time":"7 min\u016btes"},"schema":{"@context":"https:\/\/schema.org","@graph":[{"@type":"WebPage","@id":"https:\/\/continentaldocs.com\/buy-belgian-drivers-license\/","url":"https:\/\/continentaldocs.com\/buy-belgian-drivers-license\/","name":"Belgian Driving License B - No Testrequired | ContinentalDocs \u2705","isPartOf":{"@id":"https:\/\/continentaldocs.com\/#website"},"primaryImageOfPage":{"@id":"https:\/\/continentaldocs.com\/buy-belgian-drivers-license\/#primaryimage"},"image":{"@id":"https:\/\/continentaldocs.com\/buy-belgian-drivers-license\/#primaryimage"},"thumbnailUrl":"https:\/\/continentaldocs.com\/wp-content\/uploads\/2024\/09\/Belgian-drivers-license-1024x735.jpg","datePublished":"2024-01-25T10:35:24+00:00","dateModified":"2025-10-16T10:50:39+00:00","description":"quick Belgian driver's license legally. Obtain your official driving license B without test. Order now and hit the road! \u2705 20% OFF","breadcrumb":{"@id":"https:\/\/continentaldocs.com\/buy-belgian-drivers-license\/#breadcrumb"},"inLanguage":"lv-LV","potentialAction":[{"@type":"ReadAction","target":["https:\/\/continentaldocs.com\/buy-belgian-drivers-license\/"]}]},{"@type":"ImageObject","inLanguage":"lv-LV","@id":"https:\/\/continentaldocs.com\/buy-belgian-drivers-license\/#primaryimage","url":"https:\/\/continentaldocs.com\/wp-content\/uploads\/2024\/09\/Belgian-drivers-license-1024x735.jpg","contentUrl":"https:\/\/continentaldocs.com\/wp-content\/uploads\/2024\/09\/Belgian-drivers-license-1024x735.jpg"},{"@type":"BreadcrumbList","@id":"https:\/\/continentaldocs.com\/buy-belgian-drivers-license\/#breadcrumb","itemListElement":[{"@type":"ListItem","position":1,"name":"Home","item":"https:\/\/continentaldocs.com\/"},{"@type":"ListItem","position":2,"name":"Buy Belgian Driving License"}]},{"@type":"WebSite","@id":"https:\/\/continentaldocs.com\/#website","url":"https:\/\/continentaldocs.com\/","name":"Continental Documents Online","description":"Continental difference is not a barrier to our services.","publisher":{"@id":"https:\/\/continentaldocs.com\/#organization"},"potentialAction":[{"@type":"SearchAction","target":{"@type":"EntryPoint","urlTemplate":"https:\/\/continentaldocs.com\/?s={search_term_string}"},"query-input":{"@type":"PropertyValueSpecification","valueRequired":true,"valueName":"search_term_string"}}],"inLanguage":"lv-LV"},{"@type":"Organization","@id":"https:\/\/continentaldocs.com\/#organization","name":"Continental Documents Online","url":"https:\/\/continentaldocs.com\/","logo":{"@type":"ImageObject","inLanguage":"lv-LV","@id":"https:\/\/continentaldocs.com\/#\/schema\/logo\/image\/","url":"https:\/\/continentaldocs.com\/wp-content\/uploads\/2025\/10\/cropped-Gemini_Generated_Image_r4583ar4583ar458-removebg-preview-removebg-preview-1.png","contentUrl":"https:\/\/continentaldocs.com\/wp-content\/uploads\/2025\/10\/cropped-Gemini_Generated_Image_r4583ar4583ar458-removebg-preview-removebg-preview-1.png","width":148,"height":145,"caption":"Continental Documents Online"},"image":{"@id":"https:\/\/continentaldocs.com\/#\/schema\/logo\/image\/"},"sameAs":["https:\/\/web.facebook.com\/mydocshop","https:\/\/www.pinterest.de\/martinnztim\/","https:\/\/www.linkedin.com\/in\/mins-koert-5a8811296\/","https:\/\/medium.com\/@realdocproviders"]}]}},"_links":{"self":[{"href":"https:\/\/continentaldocs.com\/lv\/wp-json\/wp\/v2\/pages\/4726","targetHints":{"allow":["GET"]}}],"collection":[{"href":"https:\/\/continentaldocs.com\/lv\/wp-json\/wp\/v2\/pages"}],"about":[{"href":"https:\/\/continentaldocs.com\/lv\/wp-json\/wp\/v2\/types\/page"}],"author":[{"embeddable":true,"href":"https:\/\/continentaldocs.com\/lv\/wp-json\/wp\/v2\/users\/1"}],"replies":[{"embeddable":true,"href":"https:\/\/continentaldocs.com\/lv\/wp-json\/wp\/v2\/comments?post=4726"}],"version-history":[{"count":152,"href":"https:\/\/continentaldocs.com\/lv\/wp-json\/wp\/v2\/pages\/4726\/revisions"}],"predecessor-version":[{"id":14525,"href":"https:\/\/continentaldocs.com\/lv\/wp-json\/wp\/v2\/pages\/4726\/revisions\/14525"}],"wp:attachment":[{"href":"https:\/\/continentaldocs.com\/lv\/wp-json\/wp\/v2\/media?parent=4726"}],"curies":[{"name":"wp","href":"https:\/\/api.w.org\/{rel}","templated":true}]}}