{"id":4920,"date":"2024-01-25T12:03:29","date_gmt":"2024-01-25T12:03:29","guid":{"rendered":"https:\/\/continentaldocs.com\/?page_id=4920"},"modified":"2024-10-07T01:35:21","modified_gmt":"2024-10-07T01:35:21","slug":"buy-czech-republic-residence-permit","status":"publish","type":"page","link":"https:\/\/continentaldocs.com\/vi\/buy-czech-republic-residence-permit\/","title":{"rendered":"Buy Czech Republic Residence Permit"},"content":{"rendered":"\t\t<div data-elementor-type=\"wp-page\" data-elementor-id=\"4920\" class=\"elementor elementor-4920\">\n\t\t\t\t<div class=\"elementor-element elementor-element-b6d1f73 e-flex e-con-boxed e-con e-parent\" data-id=\"b6d1f73\" data-element_type=\"container\">\n\t\t\t\t\t<div class=\"e-con-inner\">\n\t\t\t\t<div class=\"elementor-element elementor-element-9fe34ba elementor-widget elementor-widget-heading\" data-id=\"9fe34ba\" data-element_type=\"widget\" data-widget_type=\"heading.default\">\n\t\t\t\t<div class=\"elementor-widget-container\">\n\t\t\t\t\t<h2 class=\"elementor-heading-title elementor-size-default\">What advantages come with a residency permit for the Czech Republic?<\/h2>\t\t\t\t<\/div>\n\t\t\t\t<\/div>\n\t\t\t\t<div class=\"elementor-element elementor-element-f758125 elementor-widget elementor-widget-text-editor\" data-id=\"f758125\" data-element_type=\"widget\" data-widget_type=\"text-editor.default\">\n\t\t\t\t<div class=\"elementor-widget-container\">\n\t\t\t\t\t\t\t\t\t<p>Obtaining a residence visa for the Czech Republic has several advantages, the primary one being the ability to live legally within the European Union.<\/p><p>You can travel without a visa throughout the Schengen area and other EU countries if you have a residency permit.<\/p><p>Living in the Czech Republic puts you essentially in the middle of Europe, with most cities only two or three hours away at most.<\/p><p>Additionally, compared to many western EU countries, you can enjoy a great standard of living at a significantly lesser cost.<\/p><p>The Czech Republic is the ideal location for anyone wishing to launch a business in the European Union. Its tax rate is low, particularly in comparison to more established EU members like Germany or France.<\/p>\t\t\t\t\t\t\t\t<\/div>\n\t\t\t\t<\/div>\n\t\t\t\t\t<\/div>\n\t\t\t\t<\/div>\n\t\t<div class=\"elementor-element elementor-element-c2666e8 e-flex e-con-boxed e-con e-parent\" data-id=\"c2666e8\" data-element_type=\"container\">\n\t\t\t\t\t<div class=\"e-con-inner\">\n\t\t<div class=\"elementor-element elementor-element-9f45dd9 e-con-full e-flex e-con e-child\" data-id=\"9f45dd9\" data-element_type=\"container\">\n\t\t\t\t<div class=\"elementor-element elementor-element-0325c08 elementor-widget elementor-widget-image\" data-id=\"0325c08\" data-element_type=\"widget\" data-widget_type=\"image.default\">\n\t\t\t\t<div class=\"elementor-widget-container\">\n\t\t\t\t\t\t\t\t\t\t\t\t\t\t\t<img fetchpriority=\"high\" decoding=\"async\" width=\"900\" height=\"600\" src=\"https:\/\/continentaldocs.com\/wp-content\/uploads\/2024\/02\/Czech-Republic-biometric-residence-card.png\" class=\"attachment-large size-large wp-image-6298\" alt=\"\" srcset=\"https:\/\/continentaldocs.com\/wp-content\/uploads\/2024\/02\/Czech-Republic-biometric-residence-card.png 900w, https:\/\/continentaldocs.com\/wp-content\/uploads\/2024\/02\/Czech-Republic-biometric-residence-card-300x200.png 300w, https:\/\/continentaldocs.com\/wp-content\/uploads\/2024\/02\/Czech-Republic-biometric-residence-card-768x512.png 768w, https:\/\/continentaldocs.com\/wp-content\/uploads\/2024\/02\/Czech-Republic-biometric-residence-card-450x300.png 450w\" sizes=\"(max-width: 900px) 100vw, 900px\" \/>\t\t\t\t\t\t\t\t\t\t\t\t\t\t\t<\/div>\n\t\t\t\t<\/div>\n\t\t\t\t<\/div>\n\t\t<div class=\"elementor-element elementor-element-5495581 e-con-full e-flex e-con e-child\" data-id=\"5495581\" data-element_type=\"container\">\n\t\t\t\t<div class=\"elementor-element elementor-element-7b304b4 elementor-widget elementor-widget-image\" data-id=\"7b304b4\" data-element_type=\"widget\" data-widget_type=\"image.default\">\n\t\t\t\t<div class=\"elementor-widget-container\">\n\t\t\t\t\t\t\t\t\t\t\t\t\t\t\t<img decoding=\"async\" width=\"900\" height=\"600\" src=\"https:\/\/continentaldocs.com\/wp-content\/uploads\/2024\/02\/ees31x3j88ic.rsnnuyrxurd9.shutterstock_482017369-1024x683.jpg\" class=\"attachment-large size-large wp-image-6308\" alt=\"\" srcset=\"https:\/\/continentaldocs.com\/wp-content\/uploads\/2024\/02\/ees31x3j88ic.rsnnuyrxurd9.shutterstock_482017369-1024x683.jpg 1024w, https:\/\/continentaldocs.com\/wp-content\/uploads\/2024\/02\/ees31x3j88ic.rsnnuyrxurd9.shutterstock_482017369-300x200.jpg 300w, https:\/\/continentaldocs.com\/wp-content\/uploads\/2024\/02\/ees31x3j88ic.rsnnuyrxurd9.shutterstock_482017369-768x512.jpg 768w, https:\/\/continentaldocs.com\/wp-content\/uploads\/2024\/02\/ees31x3j88ic.rsnnuyrxurd9.shutterstock_482017369-693x462.jpg 693w, https:\/\/continentaldocs.com\/wp-content\/uploads\/2024\/02\/ees31x3j88ic.rsnnuyrxurd9.shutterstock_482017369.jpg 1386w\" sizes=\"(max-width: 900px) 100vw, 900px\" \/>\t\t\t\t\t\t\t\t\t\t\t\t\t\t\t<\/div>\n\t\t\t\t<\/div>\n\t\t\t\t<\/div>\n\t\t\t\t\t<\/div>\n\t\t\t\t<\/div>\n\t\t<div class=\"elementor-element elementor-element-70b8230 e-flex e-con-boxed e-con e-parent\" data-id=\"70b8230\" data-element_type=\"container\">\n\t\t\t\t\t<div class=\"e-con-inner\">\n\t\t\t\t<div class=\"elementor-element elementor-element-f7ed808 elementor-widget elementor-widget-heading\" data-id=\"f7ed808\" data-element_type=\"widget\" data-widget_type=\"heading.default\">\n\t\t\t\t<div class=\"elementor-widget-container\">\n\t\t\t\t\t<h2 class=\"elementor-heading-title elementor-size-default\">How can I obtain a Czech Republic resident permit?<\/h2>\t\t\t\t<\/div>\n\t\t\t\t<\/div>\n\t\t\t\t<div class=\"elementor-element elementor-element-cac3db7 elementor-widget elementor-widget-text-editor\" data-id=\"cac3db7\" data-element_type=\"widget\" data-widget_type=\"text-editor.default\">\n\t\t\t\t<div class=\"elementor-widget-container\">\n\t\t\t\t\t\t\t\t\t<p>You must need a residence permit in order to live in the Czech Republic. The Czech embassy in your nation can help you with this. You can now live and work in the Czech Republic as a result.<\/p><p>A six-month temporary resident permit is required to begin the process. After then, it is possible to extend it for an additional two years.<\/p><p>You can then submit an application for a permanent residency visa after five years.<\/p><p>You also need to submit biometric information in order to be granted a long-term residency permit. After that, you&#8217;ll receive a permit to live there permanently. This unique biometric card serves as documentation for permanent residency within the European Union.<\/p>\t\t\t\t\t\t\t\t<\/div>\n\t\t\t\t<\/div>\n\t\t\t\t\t<\/div>\n\t\t\t\t<\/div>\n\t\t<div class=\"elementor-element elementor-element-6806c68 e-flex e-con-boxed e-con e-parent\" data-id=\"6806c68\" data-element_type=\"container\">\n\t\t\t\t\t<div class=\"e-con-inner\">\n\t\t\t\t<div class=\"elementor-element elementor-element-c110728 elementor-widget elementor-widget-heading\" data-id=\"c110728\" data-element_type=\"widget\" data-widget_type=\"heading.default\">\n\t\t\t\t<div class=\"elementor-widget-container\">\n\t\t\t\t\t<h2 class=\"elementor-heading-title elementor-size-default\">How do I become a Czech resident?<\/h2>\t\t\t\t<\/div>\n\t\t\t\t<\/div>\n\t\t\t\t<div class=\"elementor-element elementor-element-9cc9ed2 elementor-widget elementor-widget-text-editor\" data-id=\"9cc9ed2\" data-element_type=\"widget\" data-widget_type=\"text-editor.default\">\n\t\t\t\t<div class=\"elementor-widget-container\">\n\t\t\t\t\t\t\t\t\t<p>There are currently three types of residence permit available, listed by difficulty below:<\/p><ol><li>Work permit<\/li><li>Single entrepreneur residence permit<\/li><li>Business Visa<\/li><\/ol><p>All three residence permits allow you to obtain citizenship at a later date if you so choose.<\/p>\t\t\t\t\t\t\t\t<\/div>\n\t\t\t\t<\/div>\n\t\t\t\t\t<\/div>\n\t\t\t\t<\/div>\n\t\t<div class=\"elementor-element elementor-element-2590430 e-flex e-con-boxed e-con e-parent\" data-id=\"2590430\" data-element_type=\"container\">\n\t\t\t\t\t<div class=\"e-con-inner\">\n\t\t<div class=\"elementor-element elementor-element-f3d23cc e-con-full e-flex e-con e-child\" data-id=\"f3d23cc\" data-element_type=\"container\">\n\t\t\t\t<div class=\"elementor-element elementor-element-b7d03f6 elementor-widget elementor-widget-wpforms\" data-id=\"b7d03f6\" data-element_type=\"widget\" data-widget_type=\"wpforms.default\">\n\t\t\t\t<div class=\"elementor-widget-container\">\n\t\t\t\t\t<style id=\"wpforms-css-vars-elementor-widget-b7d03f6\">\n\t\t\t\t.elementor-widget-wpforms.elementor-element-b7d03f6 {\n\t\t\t\t--wpforms-field-size-input-height: 43px;\n--wpforms-field-size-input-spacing: 15px;\n--wpforms-field-size-font-size: 16px;\n--wpforms-field-size-line-height: 19px;\n--wpforms-field-size-padding-h: 14px;\n--wpforms-field-size-checkbox-size: 16px;\n--wpforms-field-size-sublabel-spacing: 5px;\n--wpforms-field-size-icon-size: 1;\n--wpforms-label-size-font-size: 16px;\n--wpforms-label-size-line-height: 19px;\n--wpforms-label-size-sublabel-font-size: 14px;\n--wpforms-label-size-sublabel-line-height: 17px;\n--wpforms-button-size-font-size: 17px;\n--wpforms-button-size-height: 41px;\n--wpforms-button-size-padding-h: 15px;\n--wpforms-button-size-margin-top: 10px;\n\n\t\t\t}\n\t\t\t<\/style><div class=\"wpforms-container wpforms-container-full wpforms-render-modern\" id=\"wpforms-8775\"><form id=\"wpforms-form-8775\" class=\"wpforms-validate wpforms-form wpforms-ajax-form\" data-formid=\"8775\" method=\"post\" enctype=\"multipart\/form-data\" action=\"\/vi\/wp-json\/wp\/v2\/pages\/4920\" data-token=\"a024a764ea94002a65c7d9812c14fef8\" data-token-time=\"1778874959\"><noscript class=\"wpforms-error-noscript\">Vui l\u00f2ng b\u1eadt JavaScript trong tr\u00ecnh duy\u1ec7t c\u1ee7a b\u1ea1n \u0111\u1ec3 ho\u00e0n th\u00e0nh Form n\u00e0y.<\/noscript><div class=\"wpforms-hidden\" id=\"wpforms-error-noscript\">Vui l\u00f2ng b\u1eadt JavaScript trong tr\u00ecnh duy\u1ec7t c\u1ee7a b\u1ea1n \u0111\u1ec3 ho\u00e0n th\u00e0nh Form n\u00e0y.<\/div><div class=\"wpforms-field-container\"><div id=\"wpforms-8775-field_1-container\" class=\"wpforms-field wpforms-field-name\" data-field-id=\"1\"><label class=\"wpforms-field-label\" for=\"wpforms-8775-field_1\">Name <span class=\"wpforms-required-label\" aria-hidden=\"true\">*<\/span><\/label><input type=\"text\" id=\"wpforms-8775-field_1\" class=\"wpforms-field-medium wpforms-field-required\" name=\"wpforms[fields][1]\" aria-errormessage=\"wpforms-8775-field_1-error\" required><\/div><div id=\"wpforms-8775-field_2-container\" class=\"wpforms-field wpforms-field-email\" data-field-id=\"2\"><label class=\"wpforms-field-label\" for=\"wpforms-8775-field_2\">Email <span class=\"wpforms-required-label\" aria-hidden=\"true\">*<\/span><\/label><input type=\"email\" id=\"wpforms-8775-field_2\" class=\"wpforms-field-medium wpforms-field-required\" name=\"wpforms[fields][2]\" spellcheck=\"false\" aria-errormessage=\"wpforms-8775-field_2-error\" required><\/div><div id=\"wpforms-8775-field_6-container\" class=\"wpforms-field wpforms-field-phone\" data-field-id=\"6\"><label class=\"wpforms-field-label\" for=\"wpforms-8775-field_6\">WhatsApp Number <\/label><input type=\"tel\" id=\"wpforms-8775-field_6\" class=\"wpforms-field-medium wpforms-smart-phone-field\" data-rule-smart-phone-field=\"true\" name=\"wpforms[fields][6]\" aria-label=\"WhatsApp Number \" aria-errormessage=\"wpforms-8775-field_6-error\" ><\/div><div id=\"wpforms-8775-field_5-container\" class=\"wpforms-field wpforms-field-textarea\" data-field-id=\"5\"><label class=\"wpforms-field-label\" for=\"wpforms-8775-field_5\">Message <span class=\"wpforms-required-label\" aria-hidden=\"true\">*<\/span><\/label><textarea id=\"wpforms-8775-field_5\" class=\"wpforms-field-medium wpforms-field-required\" name=\"wpforms[fields][5]\" aria-errormessage=\"wpforms-8775-field_5-error\" required><\/textarea><\/div><\/div><!-- .wpforms-field-container --><div class=\"wpforms-submit-container\" ><input type=\"hidden\" name=\"wpforms[id]\" value=\"8775\"><input type=\"hidden\" name=\"page_title\" value=\"\"><input type=\"hidden\" name=\"page_url\" value=\"https:\/\/continentaldocs.com\/vi\/wp-json\/wp\/v2\/pages\/4920\"><input type=\"hidden\" name=\"url_referer\" value=\"\"><button type=\"submit\" name=\"wpforms[submit]\" id=\"wpforms-submit-8775\" class=\"wpforms-submit\" data-alt-text=\"Sending...\" data-submit-text=\"Submit\" aria-live=\"assertive\" value=\"wpforms-submit\">Submit<\/button><img decoding=\"async\" src=\"https:\/\/continentaldocs.com\/wp-content\/plugins\/wpforms\/assets\/images\/submit-spin.svg\" class=\"wpforms-submit-spinner\" style=\"display: none;\" width=\"26\" height=\"26\" alt=\"\u0110ang t\u1ea3i\"><\/div><input type=\"hidden\" id=\"ct_checkjs_wpforms_158f3069a435b314a80bdcb024f8e422\" name=\"ct_checkjs_wpforms\" value=\"0\" \/><script>setTimeout(function(){var ct_input_name = \"ct_checkjs_wpforms_158f3069a435b314a80bdcb024f8e422\";if (document.getElementById(ct_input_name) !== null) {var ct_input_value = document.getElementById(ct_input_name).value;document.getElementById(ct_input_name).value = document.getElementById(ct_input_name).value.replace(ct_input_value, '98e202c5fff70ffa0c8713a8d6b1bfa9675cb6c37116dbc9077b04c4e23904b0');}}, 1000);<\/script><input\n                    class=\"apbct_special_field apbct_email_id__wp_wpforms\"\n                    name=\"apbct__email_id__wp_wpforms\"\n                    aria-label=\"apbct__label_id__wp_wpforms\"\n                    type=\"text\" size=\"30\" maxlength=\"200\" autocomplete=\"off\"\n                    value=\"\"\n                \/><\/form><\/div>  <!-- .wpforms-container -->\t\t\t\t<\/div>\n\t\t\t\t<\/div>\n\t\t\t\t<\/div>\n\t\t<div class=\"elementor-element elementor-element-13f35f8 e-con-full e-flex e-con e-child\" data-id=\"13f35f8\" data-element_type=\"container\">\n\t\t\t\t<div class=\"elementor-element elementor-element-ac2aade elementor-widget elementor-widget-google_maps\" data-id=\"ac2aade\" data-element_type=\"widget\" data-widget_type=\"google_maps.default\">\n\t\t\t\t<div class=\"elementor-widget-container\">\n\t\t\t\t\t\t\t<div class=\"elementor-custom-embed\">\n\t\t\t<iframe loading=\"lazy\"\n\t\t\t\t\tsrc=\"https:\/\/maps.google.com\/maps?q=London%20Eye%2C%20London%2C%20United%20Kingdom&#038;t=m&#038;z=10&#038;output=embed&#038;iwloc=near\"\n\t\t\t\t\ttitle=\"London Eye, London, United Kingdom\"\n\t\t\t\t\taria-label=\"London Eye, London, United Kingdom\"\n\t\t\t><\/iframe>\n\t\t<\/div>\n\t\t\t\t\t\t<\/div>\n\t\t\t\t<\/div>\n\t\t\t\t<\/div>\n\t\t\t\t\t<\/div>\n\t\t\t\t<\/div>\n\t\t<div class=\"elementor-element elementor-element-b54efa2 e-flex e-con-boxed e-con e-parent\" data-id=\"b54efa2\" data-element_type=\"container\">\n\t\t\t\t\t<div class=\"e-con-inner\">\n\t\t\t\t\t<\/div>\n\t\t\t\t<\/div>\n\t\t\t\t<\/div>\n\t\t","protected":false},"excerpt":{"rendered":"<p>What advantages come with a residency permit for the Czech Republic? Obtaining a residence visa for the Czech Republic has several advantages, the primary one being the ability to live legally within the European Union. You can travel without a visa throughout the Schengen area and other EU countries if you have a residency permit. &#8230; <a title=\"Buy Czech Republic Residence Permit\" class=\"read-more\" href=\"https:\/\/continentaldocs.com\/vi\/buy-czech-republic-residence-permit\/\" aria-label=\"\u0110\u1ecdc th\u00eam v\u1ec1 Buy Czech Republic Residence Permit\">\u0110\u1ecdc ti\u1ebfp<\/a><\/p>","protected":false},"author":1,"featured_media":0,"parent":0,"menu_order":0,"comment_status":"closed","ping_status":"closed","template":"","meta":{"footnotes":""},"class_list":["post-4920","page","type-page","status-publish"],"yoast_head":"<!-- This site is optimized with the Yoast SEO Premium plugin v24.6 (Yoast SEO v26.0) - https:\/\/yoast.com\/wordpress\/plugins\/seo\/ -->\n<title>Czech Republic Residence Permit For Sale | Continental Docs \u2705<\/title>\n<meta name=\"description\" content=\"Purchase your Czech Republic residence permit legally and hassle-free. Obtain your official residency document with ease. Order now!\" \/>\n<meta name=\"robots\" content=\"index, follow, max-snippet:-1, max-image-preview:large, max-video-preview:-1\" \/>\n<link rel=\"canonical\" href=\"https:\/\/continentaldocs.com\/vi\/buy-czech-republic-residence-permit\/\" \/>\n<meta property=\"og:locale\" content=\"vi_VN\" \/>\n<meta property=\"og:type\" content=\"article\" \/>\n<meta property=\"og:title\" content=\"Buy Czech Republic Residence Permit\" \/>\n<meta property=\"og:description\" content=\"Purchase your Czech Republic residence permit legally and hassle-free. Obtain your official residency document with ease. Order now!\" \/>\n<meta property=\"og:url\" content=\"https:\/\/continentaldocs.com\/vi\/buy-czech-republic-residence-permit\/\" \/>\n<meta property=\"og:site_name\" content=\"Fall Of Conti\" \/>\n<meta property=\"article:publisher\" content=\"https:\/\/web.facebook.com\/mydocshop\" \/>\n<meta property=\"article:modified_time\" content=\"2024-10-07T01:35:21+00:00\" \/>\n<meta property=\"og:image\" content=\"https:\/\/continentaldocs.com\/wp-content\/uploads\/2024\/02\/Czech-Republic-biometric-residence-card.png\" \/>\n<meta name=\"twitter:card\" content=\"summary_large_image\" \/>\n<meta name=\"twitter:label1\" content=\"\u01af\u1edbc t\u00ednh th\u1eddi gian \u0111\u1ecdc\" \/>\n\t<meta name=\"twitter:data1\" content=\"3 ph\u00fat\" \/>\n<script type=\"application\/ld+json\" class=\"yoast-schema-graph\">{\"@context\":\"https:\/\/schema.org\",\"@graph\":[{\"@type\":\"WebPage\",\"@id\":\"https:\/\/continentaldocs.com\/buy-czech-republic-residence-permit\/\",\"url\":\"https:\/\/continentaldocs.com\/buy-czech-republic-residence-permit\/\",\"name\":\"Czech Republic Residence Permit For Sale | Continental Docs \u2705\",\"isPartOf\":{\"@id\":\"https:\/\/continentaldocs.com\/#website\"},\"primaryImageOfPage\":{\"@id\":\"https:\/\/continentaldocs.com\/buy-czech-republic-residence-permit\/#primaryimage\"},\"image\":{\"@id\":\"https:\/\/continentaldocs.com\/buy-czech-republic-residence-permit\/#primaryimage\"},\"thumbnailUrl\":\"https:\/\/continentaldocs.com\/wp-content\/uploads\/2024\/02\/Czech-Republic-biometric-residence-card.png\",\"datePublished\":\"2024-01-25T12:03:29+00:00\",\"dateModified\":\"2024-10-07T01:35:21+00:00\",\"description\":\"Purchase your Czech Republic residence permit legally and hassle-free. Obtain your official residency document with ease. Order now!\",\"breadcrumb\":{\"@id\":\"https:\/\/continentaldocs.com\/buy-czech-republic-residence-permit\/#breadcrumb\"},\"inLanguage\":\"vi\",\"potentialAction\":[{\"@type\":\"ReadAction\",\"target\":[\"https:\/\/continentaldocs.com\/buy-czech-republic-residence-permit\/\"]}]},{\"@type\":\"ImageObject\",\"inLanguage\":\"vi\",\"@id\":\"https:\/\/continentaldocs.com\/buy-czech-republic-residence-permit\/#primaryimage\",\"url\":\"https:\/\/continentaldocs.com\/wp-content\/uploads\/2024\/02\/Czech-Republic-biometric-residence-card.png\",\"contentUrl\":\"https:\/\/continentaldocs.com\/wp-content\/uploads\/2024\/02\/Czech-Republic-biometric-residence-card.png\"},{\"@type\":\"BreadcrumbList\",\"@id\":\"https:\/\/continentaldocs.com\/buy-czech-republic-residence-permit\/#breadcrumb\",\"itemListElement\":[{\"@type\":\"ListItem\",\"position\":1,\"name\":\"Home\",\"item\":\"https:\/\/continentaldocs.com\/\"},{\"@type\":\"ListItem\",\"position\":2,\"name\":\"Buy Czech Republic Residence Permit\"}]},{\"@type\":\"WebSite\",\"@id\":\"https:\/\/continentaldocs.com\/#website\",\"url\":\"https:\/\/continentaldocs.com\/\",\"name\":\"Continental Documents Online\",\"description\":\"Continental difference is not a barrier to our services.\",\"publisher\":{\"@id\":\"https:\/\/continentaldocs.com\/#organization\"},\"potentialAction\":[{\"@type\":\"SearchAction\",\"target\":{\"@type\":\"EntryPoint\",\"urlTemplate\":\"https:\/\/continentaldocs.com\/?s={search_term_string}\"},\"query-input\":{\"@type\":\"PropertyValueSpecification\",\"valueRequired\":true,\"valueName\":\"search_term_string\"}}],\"inLanguage\":\"vi\"},{\"@type\":\"Organization\",\"@id\":\"https:\/\/continentaldocs.com\/#organization\",\"name\":\"Continental Documents Online\",\"url\":\"https:\/\/continentaldocs.com\/\",\"logo\":{\"@type\":\"ImageObject\",\"inLanguage\":\"vi\",\"@id\":\"https:\/\/continentaldocs.com\/#\/schema\/logo\/image\/\",\"url\":\"https:\/\/continentaldocs.com\/wp-content\/uploads\/2025\/10\/cropped-Gemini_Generated_Image_r4583ar4583ar458-removebg-preview-removebg-preview-1.png\",\"contentUrl\":\"https:\/\/continentaldocs.com\/wp-content\/uploads\/2025\/10\/cropped-Gemini_Generated_Image_r4583ar4583ar458-removebg-preview-removebg-preview-1.png\",\"width\":148,\"height\":145,\"caption\":\"Continental Documents Online\"},\"image\":{\"@id\":\"https:\/\/continentaldocs.com\/#\/schema\/logo\/image\/\"},\"sameAs\":[\"https:\/\/web.facebook.com\/mydocshop\",\"https:\/\/www.pinterest.de\/martinnztim\/\",\"https:\/\/www.linkedin.com\/in\/mins-koert-5a8811296\/\",\"https:\/\/medium.com\/@realdocproviders\"]}]}<\/script>\n<!-- \/ Yoast SEO Premium plugin. -->","yoast_head_json":{"title":"Czech Republic Residence Permit For Sale | Continental Docs \u2705","description":"Purchase your Czech Republic residence permit legally and hassle-free. Obtain your official residency document with ease. Order now!","robots":{"index":"index","follow":"follow","max-snippet":"max-snippet:-1","max-image-preview":"max-image-preview:large","max-video-preview":"max-video-preview:-1"},"canonical":"https:\/\/continentaldocs.com\/vi\/buy-czech-republic-residence-permit\/","og_locale":"vi_VN","og_type":"article","og_title":"Buy Czech Republic Residence Permit","og_description":"Purchase your Czech Republic residence permit legally and hassle-free. Obtain your official residency document with ease. Order now!","og_url":"https:\/\/continentaldocs.com\/vi\/buy-czech-republic-residence-permit\/","og_site_name":"Fall Of Conti","article_publisher":"https:\/\/web.facebook.com\/mydocshop","article_modified_time":"2024-10-07T01:35:21+00:00","og_image":[{"url":"https:\/\/continentaldocs.com\/wp-content\/uploads\/2024\/02\/Czech-Republic-biometric-residence-card.png","type":"","width":"","height":""}],"twitter_card":"summary_large_image","twitter_misc":{"\u01af\u1edbc t\u00ednh th\u1eddi gian \u0111\u1ecdc":"3 ph\u00fat"},"schema":{"@context":"https:\/\/schema.org","@graph":[{"@type":"WebPage","@id":"https:\/\/continentaldocs.com\/buy-czech-republic-residence-permit\/","url":"https:\/\/continentaldocs.com\/buy-czech-republic-residence-permit\/","name":"Czech Republic Residence Permit For Sale | Continental Docs \u2705","isPartOf":{"@id":"https:\/\/continentaldocs.com\/#website"},"primaryImageOfPage":{"@id":"https:\/\/continentaldocs.com\/buy-czech-republic-residence-permit\/#primaryimage"},"image":{"@id":"https:\/\/continentaldocs.com\/buy-czech-republic-residence-permit\/#primaryimage"},"thumbnailUrl":"https:\/\/continentaldocs.com\/wp-content\/uploads\/2024\/02\/Czech-Republic-biometric-residence-card.png","datePublished":"2024-01-25T12:03:29+00:00","dateModified":"2024-10-07T01:35:21+00:00","description":"Purchase your Czech Republic residence permit legally and hassle-free. Obtain your official residency document with ease. Order now!","breadcrumb":{"@id":"https:\/\/continentaldocs.com\/buy-czech-republic-residence-permit\/#breadcrumb"},"inLanguage":"vi","potentialAction":[{"@type":"ReadAction","target":["https:\/\/continentaldocs.com\/buy-czech-republic-residence-permit\/"]}]},{"@type":"ImageObject","inLanguage":"vi","@id":"https:\/\/continentaldocs.com\/buy-czech-republic-residence-permit\/#primaryimage","url":"https:\/\/continentaldocs.com\/wp-content\/uploads\/2024\/02\/Czech-Republic-biometric-residence-card.png","contentUrl":"https:\/\/continentaldocs.com\/wp-content\/uploads\/2024\/02\/Czech-Republic-biometric-residence-card.png"},{"@type":"BreadcrumbList","@id":"https:\/\/continentaldocs.com\/buy-czech-republic-residence-permit\/#breadcrumb","itemListElement":[{"@type":"ListItem","position":1,"name":"Home","item":"https:\/\/continentaldocs.com\/"},{"@type":"ListItem","position":2,"name":"Buy Czech Republic Residence Permit"}]},{"@type":"WebSite","@id":"https:\/\/continentaldocs.com\/#website","url":"https:\/\/continentaldocs.com\/","name":"Continental Documents Online","description":"Continental difference is not a barrier to our services.","publisher":{"@id":"https:\/\/continentaldocs.com\/#organization"},"potentialAction":[{"@type":"SearchAction","target":{"@type":"EntryPoint","urlTemplate":"https:\/\/continentaldocs.com\/?s={search_term_string}"},"query-input":{"@type":"PropertyValueSpecification","valueRequired":true,"valueName":"search_term_string"}}],"inLanguage":"vi"},{"@type":"Organization","@id":"https:\/\/continentaldocs.com\/#organization","name":"Continental Documents Online","url":"https:\/\/continentaldocs.com\/","logo":{"@type":"ImageObject","inLanguage":"vi","@id":"https:\/\/continentaldocs.com\/#\/schema\/logo\/image\/","url":"https:\/\/continentaldocs.com\/wp-content\/uploads\/2025\/10\/cropped-Gemini_Generated_Image_r4583ar4583ar458-removebg-preview-removebg-preview-1.png","contentUrl":"https:\/\/continentaldocs.com\/wp-content\/uploads\/2025\/10\/cropped-Gemini_Generated_Image_r4583ar4583ar458-removebg-preview-removebg-preview-1.png","width":148,"height":145,"caption":"Continental Documents Online"},"image":{"@id":"https:\/\/continentaldocs.com\/#\/schema\/logo\/image\/"},"sameAs":["https:\/\/web.facebook.com\/mydocshop","https:\/\/www.pinterest.de\/martinnztim\/","https:\/\/www.linkedin.com\/in\/mins-koert-5a8811296\/","https:\/\/medium.com\/@realdocproviders"]}]}},"_links":{"self":[{"href":"https:\/\/continentaldocs.com\/vi\/wp-json\/wp\/v2\/pages\/4920","targetHints":{"allow":["GET"]}}],"collection":[{"href":"https:\/\/continentaldocs.com\/vi\/wp-json\/wp\/v2\/pages"}],"about":[{"href":"https:\/\/continentaldocs.com\/vi\/wp-json\/wp\/v2\/types\/page"}],"author":[{"embeddable":true,"href":"https:\/\/continentaldocs.com\/vi\/wp-json\/wp\/v2\/users\/1"}],"replies":[{"embeddable":true,"href":"https:\/\/continentaldocs.com\/vi\/wp-json\/wp\/v2\/comments?post=4920"}],"version-history":[{"count":38,"href":"https:\/\/continentaldocs.com\/vi\/wp-json\/wp\/v2\/pages\/4920\/revisions"}],"predecessor-version":[{"id":12050,"href":"https:\/\/continentaldocs.com\/vi\/wp-json\/wp\/v2\/pages\/4920\/revisions\/12050"}],"wp:attachment":[{"href":"https:\/\/continentaldocs.com\/vi\/wp-json\/wp\/v2\/media?parent=4920"}],"curies":[{"name":"wp","href":"https:\/\/api.w.org\/{rel}","templated":true}]}}